{"id":33782,"date":"2023-12-16T20:09:05","date_gmt":"2023-12-16T19:09:05","guid":{"rendered":"https:\/\/isisbernocchi.edu.it\/?page_id=33782"},"modified":"2023-12-31T07:44:40","modified_gmt":"2023-12-31T06:44:40","slug":"salute-in-istituto","status":"publish","type":"page","link":"https:\/\/isisbernocchi.edu.it\/od\/salute-in-istituto\/","title":{"rendered":"Salute in Istituto"},"content":{"rendered":"<h2>PROCEDURA PER LA SOMMINISTRAZIONE DEI FARMACI A SCUOLA<\/h2>\n<p style=\"text-align: justify;\"><strong>Visto<\/strong> il protocollo d\u2019intesa per la somministrazione dei farmaci a scuola tra l\u2019Agenzia della Tutela della Salute di Milano Citt\u00e0 Metropolitana, l\u2019Azienda Socio Sanitaria Territoriale Ovest Milanese, l\u2019Ufficio Scolastico per la Lombardia \u2013 Ambito Territoriale di Milano<\/p>\n<p style=\"text-align: justify;\"><strong>Considerato<\/strong> che la tutela della salute e del benessere degli studenti, in relazione a patologie acute e croniche che richiedono interventi durante l\u2019orario scolastico, \u00e8 una priorit\u00e0 che richiede il raccordo tra personale diverso al fine di garantire un appropriato percorso di gestione nel contesto scolastico si dispone la seguente procedura che autorizza la somministra-zione dei farmaci durante l\u2019orario scolastico<\/p>\n<p style=\"text-align: center;\"><strong>il Dirigente Scolastico<\/strong><\/p>\n<p style=\"text-align: justify;\">accertata la disponibilit\u00e0 del personale, predispone l\u2019autorizzazione con il relativo piano di intervento.<\/p>\n<p style=\"text-align: justify;\"><strong>Considerato<\/strong> che:<\/p>\n<ol>\n<li style=\"text-align: justify;\">il soccorso di alunni che esigono la somministrazione di farmaci si configura come attivit\u00e0 che non richiede il possesso di cognizioni specialistiche di tipo sanitario, n\u00e9 l&#8217;esercizio di discrezionalit\u00e0 tecnica da parte dell&#8217;adulto che interviene;<\/li>\n<li style=\"text-align: justify;\">tale attivit\u00e0 di soccorso rientra in un protocollo terapeutico stabilito da sanitari della ASL, la cui omissione pu\u00f2 causare gravi danni alla persona;<\/li>\n<li style=\"text-align: justify;\">la prestazione del soccorso viene supportata da una specifica &#8220;formazione in situazione&#8221; riguardanti le singole<br \/>\npatologie, nell&#8217;ambito della pi\u00f9 generale formazione sui temi della sicurezza;<\/li>\n<li style=\"text-align: justify;\">nei casi il soccorso e l&#8217;assistenza debbano essere prestate da personale in possesso di cognizioni specialistiche<br \/>\no laddove sia necessario esercitare discrezionalit\u00e0 tecniche, la ASL individuer\u00e0 le modalit\u00e0 atte a garantire l&#8217;assistenza sanitaria qualificata durante l&#8217;orario scolastico.<\/li>\n<\/ol>\n<p style=\"text-align: justify;\"><strong>Iter procedurale\/Modulistica<\/strong><\/p>\n<p style=\"text-align: justify;\">Per attivare la procedura che autorizza la somministrazione dei farmaci durante l&#8217;orario scolastico, i genitori dell&#8217;alunno\/a provvederanno a far pervenire al dirigente scolastico formale richiesta sottoscritta da entrambi i genitori, come da modulo (<a href=\"https:\/\/isisbernocchi.edu.it\/od\/wp-content\/uploads\/2023\/12\/SOMMINISTRAZIONE-DI-FARMACI_All_A_a-mano.pdf\" target=\"_blank\" rel=\"noopener\">all. A<\/a>) accluso alla presente procedura, allegando la prescrizione e autorizzazione medica che i genitori potranno richiedere, dietro presentazione della documentazione utile per la valutazione del caso, in alternativa:<\/p>\n<ol style=\"text-align: justify;\">\n<li>ai servizi di Pediatria delle Aziende Sanitarie;<\/li>\n<li>ai Pediatri di Libera scelta;<\/li>\n<li>ai Medici di Medicina Generale;<\/li>\n<\/ol>\n<p style=\"text-align: justify;\">in cui siano chiaramente indicati:<\/p>\n<ol style=\"text-align: justify;\">\n<li>stato di malattia dello studente;<\/li>\n<li>prescrizione specifica dei farmaci da assumere, avendo cura di specificare se trattasi di farmaco salvavita o indispensabile;<\/li>\n<li>l&#8217;assoluta necessit\u00e0;<\/li>\n<li>la somministrazione indispensabile in orario scolastico;<\/li>\n<li>la non discrezionalit\u00e0 da parte di chi somministra il farmaco, n\u00e9 in relazione all&#8217;individuazione degli eventi in cui occorre somministrare il farmaco, n\u00e9 in relazione ai tempi, alla posologia e alle modalit\u00e0 di somministrazione e di conservazione del farmaco;<\/li>\n<li>la fattibilit\u00e0 della somministrazione da parte di personale non sanitario.<\/li>\n<\/ol>\n<p style=\"text-align: justify;\">Inoltre dovr\u00e0 essere indicato in modo chiaro e leggibile:<\/p>\n<ol style=\"text-align: justify;\">\n<li style=\"text-align: justify;\">nome cognome dello studente;<\/li>\n<li style=\"text-align: justify;\">nome commerciale del farmaco;<\/li>\n<li style=\"text-align: justify;\">descrizione dell&#8217;evento che richiede la somministrazione del farmaco;<\/li>\n<li style=\"text-align: justify;\">dose da somministrare;<\/li>\n<li style=\"text-align: justify;\">modalit\u00e0 di somministrazione del farmaco;<\/li>\n<li style=\"text-align: justify;\">i possibili effetti collaterali ed gli interventi necessari per affrontarli;<\/li>\n<li style=\"text-align: justify;\">modalit\u00e0 di conservazione del farmaco;<\/li>\n<li style=\"text-align: justify;\">durata della terapia.<\/li>\n<\/ol>\n<p style=\"text-align: justify;\">Accettata la documentazione il dirigente scolastico, accertata la disponibilit\u00e0 del personale, predispone l\u2019autorizzazione con il relativo piano di intervento per la somministrazione del farmaco, come da moduli allegati:<\/p>\n<ol>\n<li style=\"text-align: justify;\">all. B\/1 se trattasi di farmaco salvavita<\/li>\n<li style=\"text-align: justify;\">all. C\/1 se trattasi di farmaco indispensabile.<\/li>\n<\/ol>\n<p style=\"text-align: justify;\">Ricevuta l\u2019autorizzazione ed il relativo piano l&#8217;incaricato proceder\u00e0 a stilare un verbale al momento della consegna farmaco da parte del genitore alla scuola, come da moduli allegati:<\/p>\n<ol>\n<li style=\"text-align: justify;\">all. B\/2 verbale per farmaco salvavita<\/li>\n<li style=\"text-align: justify;\">all. C\/2 verbale farmaco indispensabile<\/li>\n<\/ol>\n<p>L&#8217;incaricato della somministrazione del farmaco dovr\u00e0 attenersi strettamente alle indicazioni del medico per quanto riguarda:<\/p>\n<ol>\n<li>gli eventi in cui occorra somministrare il farmaco,<\/li>\n<li>i tempi di somministrazione,<\/li>\n<li>la posologia,<\/li>\n<li>la modalit\u00e0 di somministrazione e conservazione del farmaco stesso.<\/li>\n<\/ol>\n<p><strong>Autosomministrazione<\/strong><\/p>\n<p>Per casi specifici, d&#8217;intesa con il sistema sanitario e la famiglia, \u00e8 possibile prevedere l&#8217;auto-somministrazione.<\/p>\n<p style=\"text-align: justify;\">Per poter soddisfare questa esigenza l&#8217;autorizzazione medica dovr\u00e0 riportare, oltre a tutti i punti per la somministrazione dei farmaci a scuola\u201d anche la dicitura che \u201cil minore pu\u00f2 autosomministrarsi la terapia farmacologica, sorvegliato dal personale della scuola\u201d.<\/p>\n<p style=\"text-align: justify;\">La stessa dicitura dovr\u00e0 essere indicata anche nella richiesta che i genitori presenteranno al dirigente scolastico (all. D).<\/p>\n<p style=\"text-align: justify;\">Resta invariata la procedura: il Dirigente scolastico predispone l\u2019autorizzazione con il relativo piano di intervento e l&#8217;incaricato provvede a stilare il verbale di consegna farmaco da parte dei genitori alla scuola; anche in questi documenti andr\u00e0 specificato che: \u201cil minore pu\u00f2 auto-somministrarsi la terapia farmacologica sorvegliato dal personale della scuola\u201d.<\/p>\n<p><strong>Scadenza\/durata dell&#8217;autorizzazione<\/strong><\/p>\n<p>La certificazione medica, presentata dai genitori, ha validit\u00e0 per l&#8217;anno scolastico in corso e va rinnovata ad inizio di ogni anno scolastico ed in corso dello stesso, se necessario.<\/p>\n<p>A fine anno scolastico, o alla cessazione della necessit\u00e0 dell&#8217;intervento di somministrazione, la scuola stiler\u00e0 un verbale di avvenuta riconsegna del farmaco ai genitori.<\/p>\n<p><a href=\"https:\/\/isisbernocchi.edu.it\/od\/wp-content\/uploads\/2023\/12\/SOMMINISTRAZIONE-DI-FARMACI_All_A_a-mano.pdf\" target=\"_blank\" rel=\"noopener\">Somministrazione e Autosomministrazione di farmaci All. A<\/a><\/p>\n","protected":false},"excerpt":{"rendered":"<p>PROCEDURA PER LA SOMMINISTRAZIONE DEI FARMACI A SCUOLA Visto il protocollo d\u2019intesa per la somministrazione dei farmaci a scuola tra l\u2019Agenzia della Tutela della Salute &#8230; <\/p>\n","protected":false},"author":440,"featured_media":0,"parent":0,"menu_order":0,"comment_status":"closed","ping_status":"closed","template":"","meta":{"footnotes":""},"class_list":["post-33782","page","type-page","status-publish","hentry"],"jetpack_sharing_enabled":true,"_links":{"self":[{"href":"https:\/\/isisbernocchi.edu.it\/od\/wp-json\/wp\/v2\/pages\/33782","targetHints":{"allow":["GET"]}}],"collection":[{"href":"https:\/\/isisbernocchi.edu.it\/od\/wp-json\/wp\/v2\/pages"}],"about":[{"href":"https:\/\/isisbernocchi.edu.it\/od\/wp-json\/wp\/v2\/types\/page"}],"author":[{"embeddable":true,"href":"https:\/\/isisbernocchi.edu.it\/od\/wp-json\/wp\/v2\/users\/440"}],"replies":[{"embeddable":true,"href":"https:\/\/isisbernocchi.edu.it\/od\/wp-json\/wp\/v2\/comments?post=33782"}],"version-history":[{"count":8,"href":"https:\/\/isisbernocchi.edu.it\/od\/wp-json\/wp\/v2\/pages\/33782\/revisions"}],"predecessor-version":[{"id":33848,"href":"https:\/\/isisbernocchi.edu.it\/od\/wp-json\/wp\/v2\/pages\/33782\/revisions\/33848"}],"wp:attachment":[{"href":"https:\/\/isisbernocchi.edu.it\/od\/wp-json\/wp\/v2\/media?parent=33782"}],"curies":[{"name":"wp","href":"https:\/\/api.w.org\/{rel}","templated":true}]}}