{"id":776,"date":"2018-02-06T07:32:26","date_gmt":"2018-02-06T07:32:26","guid":{"rendered":"https:\/\/isisbernocchi.edu.it\/?page_id=776"},"modified":"2021-01-02T15:01:10","modified_gmt":"2021-01-02T15:01:10","slug":"la-storia","status":"publish","type":"page","link":"https:\/\/isisbernocchi.edu.it\/od\/la-storia\/","title":{"rendered":"La Storia"},"content":{"rendered":"<p>L\u2019Istituto Statale di Istruzione\u00a0Superiore Antonio\u00a0Bernocchi nasce nel 2012 dalla fusione dei due istituti storici\u00a0intitolati all&#8217;industriale di Legnano, l&#8217;ITIS e l&#8217;IPSIA.<\/p>\n<p>Antonio Bernocchi fu un illustre industriale, la cui famiglia fond\u00f2 a Legnano nel 1898 un grande stabilimento tessile. Nominato nel 1905 Cavaliere del Lavoro, ricopr\u00ec in seguito la carica di \u00a0sindaco di Legnano e nel 1929 fu nominato senatore del Regno. Antonio Bernocchi fu benefattore e segu\u00ec anche attivit\u00e0 di carattere sociale e culturale. A Legnano elarg\u00ec contributi per la costruzione del nucleo iniziale del nostro istituto e per la costruzione del padiglione di chirurgia e della casa di cura dell&#8217;ospedale. Nel 1917 fond\u00f2 &#8220;La Patria riconoscente&#8221;, nucleo dell&#8217;Opera Nazionale Combattenti.<\/p>\n<p>La scuola\u00a0inizi\u00f2 regolarmente il suo funzionamento il 16 ottobre 1919 in una sede diversa dalla attuale, che venne inaugurata il 5 ottobre 1924 e chiamata\u00a0&#8220;Scuola di avviamento al lavoro\u00a0Antonio Bernocchi&#8221;, nella via\u00a0omonima.\u00a0La scuola fu ispezionata e giudicata pienamente meritevole di essere &#8220;Regia Scuola Tecnica&#8221;.<\/p>\n<p>Erano inizialmente attivi un biennio di studi di avviamento, con l\u2019aggiunta di un terzo anno a carattere di tirocinio meccanico tessile; un corso di perfezionamento per allievi assistenti di tessitura; corsi di lavori femminili come cucito, sartoria ed economia domestica.<\/p>\n<p>Nel\u00a01956 la scuola divenne &#8220;Istituto Professionale di Stato&#8221;, con lo scopo di preparare personale idoneo all&#8217;esercizio delle attivit\u00e0 esecutive nei settori dell&#8217;industria e dell&#8217;artigianato del distretto: tessile ed elettromeccanico.<\/p>\n<p>L&#8217;ITIS\u00a0venne inaugurato\u00a0il 1\u00a0maggio 1958, con la famiglia Bernocchi che soddisfaceva la necessit\u00e0 di venire incontro alle esigenze del mondo del lavoro, elevando la capacit\u00e0 produttiva degli addetti e la loro dignit\u00e0 nella vita civile.<\/p>\n<p>Occorre evidenziare che in quel periodo la citt\u00e0 di Legnano fungeva da uno dei pi\u00f9 grandi cantieri operai d\u2019Italia con l\u201985% della popolazione attiva addetta direttamente o indirettamente all\u2019industria.<\/p>\n<p>L\u2019Istituto Tecnico Industriale Bernocchi diventa ufficialmente autonomo nell\u2019agosto 1959,\u00a0dopo essere stato sede staccata dell&#8217;ITIS Feltrinelli di Milano.<\/p>\n<p>Durante i suoi oltre 50 anni di storia l&#8217;Istituto ha visto formarsi periti industriali, sia nella sezione diurna che in quella serale, nelle aree metalmeccanica, elettrica, tessile ed elettronica, che contribuirono alla riorganizzazione secondo criteri scientifici e razionali del distretto industriale dell&#8217;alto milanese, in precedenza gestito in modo empirico ed approssimativo.<\/p>\n<p><a href=\"https:\/\/isisbernocchi.edu.it\/od\/wp-content\/uploads\/2018\/02\/StoriaISIS.pdf\" target=\"_blank\" rel=\"noopener\">Brochure<\/a><\/p>\n<p><a href=\"https:\/\/isisbernocchi.edu.it\/centenario-ipsia-e-sessantesimo-itis\/\">Centenario della scuola professionale e Sessantesimo ITIS<\/a><\/p>\n","protected":false},"excerpt":{"rendered":"<p>L\u2019Istituto Statale di Istruzione\u00a0Superiore Antonio\u00a0Bernocchi nasce nel 2012 dalla fusione dei due istituti storici\u00a0intitolati all&#8217;industriale di Legnano, l&#8217;ITIS e l&#8217;IPSIA. Antonio Bernocchi fu un illustre &#8230; <\/p>\n","protected":false},"author":1,"featured_media":0,"parent":0,"menu_order":0,"comment_status":"closed","ping_status":"closed","template":"","meta":{"footnotes":""},"class_list":["post-776","page","type-page","status-publish","hentry"],"jetpack_sharing_enabled":true,"_links":{"self":[{"href":"https:\/\/isisbernocchi.edu.it\/od\/wp-json\/wp\/v2\/pages\/776","targetHints":{"allow":["GET"]}}],"collection":[{"href":"https:\/\/isisbernocchi.edu.it\/od\/wp-json\/wp\/v2\/pages"}],"about":[{"href":"https:\/\/isisbernocchi.edu.it\/od\/wp-json\/wp\/v2\/types\/page"}],"author":[{"embeddable":true,"href":"https:\/\/isisbernocchi.edu.it\/od\/wp-json\/wp\/v2\/users\/1"}],"replies":[{"embeddable":true,"href":"https:\/\/isisbernocchi.edu.it\/od\/wp-json\/wp\/v2\/comments?post=776"}],"version-history":[{"count":2,"href":"https:\/\/isisbernocchi.edu.it\/od\/wp-json\/wp\/v2\/pages\/776\/revisions"}],"predecessor-version":[{"id":7529,"href":"https:\/\/isisbernocchi.edu.it\/od\/wp-json\/wp\/v2\/pages\/776\/revisions\/7529"}],"wp:attachment":[{"href":"https:\/\/isisbernocchi.edu.it\/od\/wp-json\/wp\/v2\/media?parent=776"}],"curies":[{"name":"wp","href":"https:\/\/api.w.org\/{rel}","templated":true}]}}