{"id":968,"date":"2022-03-24T12:00:55","date_gmt":"2022-03-24T11:00:55","guid":{"rendered":"https:\/\/isisbernocchi.edu.it\/?page_id=968"},"modified":"2022-03-25T12:56:23","modified_gmt":"2022-03-25T11:56:23","slug":"indice-pagamenti","status":"publish","type":"page","link":"https:\/\/isisbernocchi.edu.it\/od\/indice-pagamenti\/","title":{"rendered":"Indice pagamenti"},"content":{"rendered":"<p><a href=\"https:\/\/isisbernocchi.edu.it\/od\/wp-content\/uploads\/2022\/03\/Tempestivita_pagamenti_I\u00b0_Trim-2021-1.pdf\">Indice di tempestivit\u00e0 dei pagamenti I^ trimestre<\/a><\/p>\n<p><a href=\"https:\/\/isisbernocchi.edu.it\/od\/wp-content\/uploads\/2022\/03\/Tempestivita_pagamenti_II\u00b0_Trim-2021-1.pdf\">Indice di tempestivit\u00e0 dei pagamenti II^ trimestre<\/a><\/p>\n<p><a href=\"https:\/\/isisbernocchi.edu.it\/od\/wp-content\/uploads\/2022\/03\/Tempestivita_pagamenti_III\u00b0_Trim-2021-1.pdf\">Indice di tempestivit\u00e0 dei pagamenti III^ trimestre<\/a><\/p>\n<p><a href=\"https:\/\/isisbernocchi.edu.it\/od\/wp-content\/uploads\/2022\/03\/Tempestivita_pagamenti_IV\u00b0_Trim-2021-1.pdf\">Indice di tempestivit\u00e0 dei pagamenti IV^ trimestre<\/a><\/p>\n<p><a href=\"https:\/\/isisbernocchi.edu.it\/od\/wp-content\/uploads\/2022\/03\/Tempestivita_pagamenti_2021-1.pdf\">Indice di tempestivit\u00e0 dei pagamenti anno 2021<\/a><\/p>\n<p><a href=\"https:\/\/web.spaggiari.eu\/sdg\/app\/default\/view_documento.php?a=akVIEW_FROM_ID&amp;id_documento=173146923&amp;sede_codice=MIII0064\" target=\"_blank\" rel=\"noopener\">Indice pagamenti 2020<\/a><\/p>\n","protected":false},"excerpt":{"rendered":"<p>Indice di tempestivit\u00e0 dei pagamenti I^ trimestre Indice di tempestivit\u00e0 dei pagamenti II^ trimestre Indice di tempestivit\u00e0 dei pagamenti III^ trimestre Indice di tempestivit\u00e0 dei &#8230; <\/p>\n","protected":false},"author":1,"featured_media":0,"parent":0,"menu_order":0,"comment_status":"closed","ping_status":"closed","template":"","meta":{"footnotes":""},"class_list":["post-968","page","type-page","status-publish","hentry"],"jetpack_sharing_enabled":true,"_links":{"self":[{"href":"https:\/\/isisbernocchi.edu.it\/od\/wp-json\/wp\/v2\/pages\/968","targetHints":{"allow":["GET"]}}],"collection":[{"href":"https:\/\/isisbernocchi.edu.it\/od\/wp-json\/wp\/v2\/pages"}],"about":[{"href":"https:\/\/isisbernocchi.edu.it\/od\/wp-json\/wp\/v2\/types\/page"}],"author":[{"embeddable":true,"href":"https:\/\/isisbernocchi.edu.it\/od\/wp-json\/wp\/v2\/users\/1"}],"replies":[{"embeddable":true,"href":"https:\/\/isisbernocchi.edu.it\/od\/wp-json\/wp\/v2\/comments?post=968"}],"version-history":[{"count":12,"href":"https:\/\/isisbernocchi.edu.it\/od\/wp-json\/wp\/v2\/pages\/968\/revisions"}],"predecessor-version":[{"id":18261,"href":"https:\/\/isisbernocchi.edu.it\/od\/wp-json\/wp\/v2\/pages\/968\/revisions\/18261"}],"wp:attachment":[{"href":"https:\/\/isisbernocchi.edu.it\/od\/wp-json\/wp\/v2\/media?parent=968"}],"curies":[{"name":"wp","href":"https:\/\/api.w.org\/{rel}","templated":true}]}}